{"id":163,"date":"2026-03-30T13:25:55","date_gmt":"2026-03-30T13:25:55","guid":{"rendered":"https:\/\/lionfad.it\/?page_id=163"},"modified":"2026-03-30T13:26:36","modified_gmt":"2026-03-30T13:26:36","slug":"privacy-policy","status":"publish","type":"page","link":"https:\/\/lionfad.it\/index.php\/privacy-policy\/","title":{"rendered":"Privacy Policy"},"content":{"rendered":"\t\t<div data-elementor-type=\"wp-page\" data-elementor-id=\"163\" class=\"elementor elementor-163\" data-elementor-post-type=\"page\">\n\t\t\t\t<div class=\"elementor-element elementor-element-d6d839d e-flex e-con-boxed e-con e-parent\" data-id=\"d6d839d\" data-element_type=\"container\" data-e-type=\"container\">\n\t\t\t\t\t<div class=\"e-con-inner\">\n\t\t\t\t<div class=\"elementor-element elementor-element-bd01980 elementor-widget elementor-widget-spacer\" data-id=\"bd01980\" data-element_type=\"widget\" data-e-type=\"widget\" data-widget_type=\"spacer.default\">\n\t\t\t\t\t\t\t<div class=\"elementor-spacer\">\n\t\t\t<div class=\"elementor-spacer-inner\"><\/div>\n\t\t<\/div>\n\t\t\t\t\t\t<\/div>\n\t\t\t\t\t<\/div>\n\t\t\t\t<\/div>\n\t\t<div class=\"elementor-element elementor-element-dcdb098 e-flex e-con-boxed e-con e-parent\" data-id=\"dcdb098\" data-element_type=\"container\" data-e-type=\"container\">\n\t\t\t\t\t<div class=\"e-con-inner\">\n\t\t\t\t<div class=\"elementor-element elementor-element-a774b12 elementor-widget elementor-widget-text-editor\" data-id=\"a774b12\" data-element_type=\"widget\" data-e-type=\"widget\" data-widget_type=\"text-editor.default\">\n\t\t\t\t\t\t\t\t\t<p>Il Regolamento UE N. 679\/2016 (GDPR) prevede la tutela delle persone e di altri soggetti rispetto al trattamento dei dati personali. Il trattamento deve seguire principi di correttezza, liceit\u00e0 e trasparenza, per tutelare la riservatezza e i diritti delle persone.<\/p><h2>Titolare del trattamento<\/h2><p>Il titolare del trattamento \u00e8 GGallery s.r.l.<br \/>Sede operativa: Piazza Manin, 2b\/r &#8211; 16122 Genova<br \/>Sede legale: Piazza Sicilia 2, 20146 Milano<br \/>P. IVA: 07050810154<br \/>Legale rappresentante: dott. Paolo Macr\u00ec<br \/>Contatto mail:\u00a0<span id=\"cloak12932e647476bff443dca5a1b94d38fc\"><a href=\"mailto:info@ggallery.it\">info@ggallery.it<\/a><\/span>\u00a0&#8211; PEC:\u00a0<span id=\"cloak316e502d2854580ae1ee2f9b19cc3847\"><a href=\"mailto:ggallery@legalmail.it\">ggallery@legalmail.it<\/a><\/span>\u00a0tel. +39 010888871<br \/>Non \u00e8 previsto DPO (data protection officer) perch\u00e9 non ritenuto necessario.<\/p><h2>Finalit\u00e0<\/h2><p>I dati personali conferiti saranno trattati per finalit\u00e0 connesse a:<\/p><ol><li>attivit\u00e0 connesse ai servizi richiesti dall&#8217;utente, in particolare l&#8217;iscrizione al sito, portale o piattaforma e il tracciamento delle attivit\u00e0 effettuate, al fine di monitorare o certificare la frequenza, l&#8217;utilizzo o la fruizione\/conclusione di contenuti formativi, l&#8217;utilizzo dell&#8217;help desk e dei relativi servizi di assistenza o tutoring;<\/li><li>adempimento di obblighi di legge, contabili\/amministrativi e finalit\u00e0 di gestione contratti (fornitura di prodotti, servizi di assistenza, gestione e amministrazione clienti, fatture, controllo solvibilit\u00e0 e gestione contenziosi);<\/li><li>invio di comunicazioni, informative o newsletter anche relative a nuove iniziative e\/o prodotti e servizi del Titolare del Trattamento, di societ\u00e0 collegate, partner o clienti.<\/li><\/ol><p>I dati saranno trattati, anche attraverso la creazione e la gestione di un archivio, con supporti cartacei, informatici o telematici a cui ha accesso personale specializzato e autorizzato.<\/p><h2>Obbligatoriet\u00e0 del conferimento<\/h2><p>Il conferimento dei dati personali, essenziali per la fornitura dei prodotti\/servizi richiesti, per gli adempimenti di legge e per l&#8217;instaurazione\/prosecuzione del rapporto contrattuale, \u00e8 obbligatorio, nel senso che in mancanza sar\u00e0 impossibile instaurare e\/o dar corso a tale rapporto. Questi dati sono appositamente segnalati nelle schede di iscrizione e nei form (per esempio tramite un asterisco).<\/p><p>Il conferimento di altri dati personali \u00e8 facoltativo e in genere funzionale a fornire un migliore servizio alla clientela (es. l&#8217;inserimento di un numero di telefono pu\u00f2 essere utile per fornire assistenza o contattare l&#8217;utente se non \u00e8 possibile comunicare via e-mail). Un eventuale rifiuto a tale conferimento non avr\u00e0 conseguenze negative a carico del cliente.<\/p><h2>Modalit\u00e0 del trattamento<\/h2><p>I dati personali sono trattati (anche con strumenti automatizzati) per il tempo necessario a conseguire gli scopi per cui sono stati raccolti. La normativa ECM richiede la conservazione dei dati per almeno 5 anni e impne adempimenti anche in termini di rendicontazione degli stessi alle relative istituzioni o autorit\u00e0 garanti.<\/p><p>Specifiche misure di sicurezza sia di tipo fisico che informatico, sono osservate per prevenire la perdita dei dati, usi illeciti o non corretti e accessi non autorizzati.<\/p><h2>Trasferimento dei dati<\/h2><p>I dati personali che riguardano il cliente potranno venire a conoscenza di societ\u00e0 collegate al Titolare, enti o societ\u00e0 terze per le stesse finalit\u00e0 di cui sopra (es.: enti o istutuzioni e autorit\u00e0 garanti, per la rendicontazione dei dati o di altre informazioni) o di soggetti esterni per servizi specializzati in:<\/p><ul><li>gestione di software, hardware, sistemi telematici e informativi (es. provider di servizi web e hosting, ad esempio e in particolare Aruba S.p.A.)<\/li><li>servizi di pagamento e contabilit\u00e0 (in caso di servizi\/prodotti a pagamento, in particolare PayPal)<\/li><\/ul><p>I dati non vengono trasferiti o ceduti ad altri soggetti o enti privati (fatti salvi gli obblighi di legge o trasferimenti strumentali all&#8217;erogazione del prodotto\/servizio stesso).<br \/>I dati non vengono trasferiti all&#8217;estero, in particolare in paesi NON UE.<\/p><h2>Analytics, social plugin e cookies<\/h2><p>Nel caso di servizi web in senso lato e di conferimento dei dati in tali ambienti, il titolare e il responsabile del trattamento possono utilizzare servizi di analisi delle visite e del comportamento online degli utenti, a fini statistici e per migliorare i contenuti\/prodotti\/servizi offerti.<br \/>E&#8217; anche possibile l&#8217;utilizzo di social plugin per il collegamento con canali social come Facebook o Instagram, tramite specifiche azioni da parte dell&#8217;utente (es. clic su pulsanti &#8220;mi piace&#8221; o &#8220;condividi&#8221;). In questo caso, il trattamento dei dati viene gestito dal social interessato.<br \/>Per quanto riguarda la gestione dei cookies, si rimanda all&#8217;apposita informativa, che pu\u00f2 essere raggiunta tramite l&#8217;apposito link nella homepage del sito.<\/p><h2>Diritti dell&#8217;utente<\/h2><p>Ricordiamo che il cliente potr\u00e0 esercitare i diritti previsti dal Regolamento, in particolare:<\/p><ul><li>diritto di essere informato: l&#8217;utente ha il diritto di sapere come i suoi dati vengono raccolti, processati, archiviati e a quale scopo, anche prima che vengano raccolti;<\/li><li>diritto di accesso ai dati: dopo che i dati sono raccolti, l&#8217;utente ha il diritto di accedervi e sapere come vengono processati e archiviati e a quale scopo;<\/li><li>diritto di rettifica: l&#8217;utente ha il diritto di correggere i dati se sbagliati o incompleti;<\/li><li>diritto di oblio e cancellazione: l&#8217;utente ha il diritto di poter cancellare per sempre i suoi dati personali (salvo altri obblighi di legge, specie nel caso di rendicontazione a istituzioni o autorit\u00e0 garanti);<\/li><li>diritto di limitazione: l&#8217;utente pu\u00f2 limitare l&#8217;utilizzo dei suoi dati in uso o bloccarne l&#8217;utilizzo;<\/li><li>diritto di portabilit\u00e0: l&#8217;utente ha il diritto di spostare, copiare o trasferire i dati personali;<\/li><li>diritto di opposizione: l&#8217;utente ha il diritto di vietare che i suoi dati vengano rielaborati senza esplicito consenso;<\/li><li>diritto di divieto all&#8217;automazione: l&#8217;utente ha il diritto di non lasciare che le decisioni su di lui vengano lasciate a algoritmi o automazioni.<\/li><\/ul><p>Per esercitare tali diritti, l&#8217;utente pu\u00f2 scrivere al Titolare ai recapiti indicati.<\/p><h2>Form e invio mail<\/h2><p>L&#8217;invio facoltativo, esplicito e volontario di posta elettronica agli indirizzi indicati su questo sito tramite form di contatto o servizio autonomo, comporta la successiva acquisizione dell&#8217;indirizzo del mittente (necessario per rispondere alle richieste), nonch\u00e8 degli eventuali altri dati personali inseriti nel messaggio.<\/p>\t\t\t\t\t\t\t\t<\/div>\n\t\t\t\t\t<\/div>\n\t\t\t\t<\/div>\n\t\t\t\t<\/div>\n\t\t","protected":false},"excerpt":{"rendered":"<p>Il Regolamento UE N. 679\/2016 (GDPR) prevede la tutela delle persone e di altri soggetti rispetto al trattamento dei dati personali. Il trattamento deve seguire principi di correttezza, liceit\u00e0 e trasparenza, per tutelare la riservatezza e i diritti delle persone. Titolare del trattamento Il titolare del trattamento \u00e8 GGallery s.r.l.Sede operativa: Piazza Manin, 2b\/r &#8211; [&hellip;]<\/p>\n","protected":false},"author":1,"featured_media":0,"parent":0,"menu_order":0,"comment_status":"closed","ping_status":"closed","template":"elementor_header_footer","meta":{"footnotes":""},"class_list":["post-163","page","type-page","status-publish","hentry"],"_links":{"self":[{"href":"https:\/\/lionfad.it\/index.php\/wp-json\/wp\/v2\/pages\/163","targetHints":{"allow":["GET"]}}],"collection":[{"href":"https:\/\/lionfad.it\/index.php\/wp-json\/wp\/v2\/pages"}],"about":[{"href":"https:\/\/lionfad.it\/index.php\/wp-json\/wp\/v2\/types\/page"}],"author":[{"embeddable":true,"href":"https:\/\/lionfad.it\/index.php\/wp-json\/wp\/v2\/users\/1"}],"replies":[{"embeddable":true,"href":"https:\/\/lionfad.it\/index.php\/wp-json\/wp\/v2\/comments?post=163"}],"version-history":[{"count":4,"href":"https:\/\/lionfad.it\/index.php\/wp-json\/wp\/v2\/pages\/163\/revisions"}],"predecessor-version":[{"id":167,"href":"https:\/\/lionfad.it\/index.php\/wp-json\/wp\/v2\/pages\/163\/revisions\/167"}],"wp:attachment":[{"href":"https:\/\/lionfad.it\/index.php\/wp-json\/wp\/v2\/media?parent=163"}],"curies":[{"name":"wp","href":"https:\/\/api.w.org\/{rel}","templated":true}]}}